{"id":67,"date":"2022-10-14T12:17:24","date_gmt":"2022-10-14T12:17:24","guid":{"rendered":"https:\/\/soba.si\/wsb\/?page_id=67"},"modified":"2025-01-14T12:57:49","modified_gmt":"2025-01-14T12:57:49","slug":"domov","status":"publish","type":"page","link":"https:\/\/soba.si\/wsb\/","title":{"rendered":"Domov"},"content":{"rendered":"\t\t<div data-elementor-type=\"wp-page\" data-elementor-id=\"67\" class=\"elementor elementor-67\">\n\t\t\t\t\t\t<section class=\"elementor-section elementor-top-section elementor-element elementor-element-7f0a0eff elementor-section-content-middle elementor-section-full_width elementor-section-height-default elementor-section-height-default\" data-id=\"7f0a0eff\" data-element_type=\"section\" data-settings=\"{&quot;background_background&quot;:&quot;classic&quot;}\">\n\t\t\t\t\t\t\t<div class=\"elementor-background-overlay\"><\/div>\n\t\t\t\t\t\t\t<div class=\"elementor-container elementor-column-gap-default\">\n\t\t\t\t\t<div class=\"elementor-column elementor-col-100 elementor-top-column elementor-element elementor-element-02e2b47\" data-id=\"02e2b47\" data-element_type=\"column\">\n\t\t\t<div class=\"elementor-widget-wrap elementor-element-populated\">\n\t\t\t\t\t\t<div class=\"elementor-element elementor-element-c946757 elementor-widget__width-inherit elementor-widget elementor-widget-shortcode\" data-id=\"c946757\" data-element_type=\"widget\" data-widget_type=\"shortcode.default\">\n\t\t\t\t<div class=\"elementor-widget-container\">\n\t\t\t\t\t\t\t<div class=\"elementor-shortcode\">  <\/div>\n\t\t\t\t\t\t<\/div>\n\t\t\t\t<\/div>\n\t\t\t\t\t<\/div>\n\t\t<\/div>\n\t\t\t\t\t<\/div>\n\t\t<\/section>\n\t\t\t\t<section class=\"elementor-section elementor-top-section elementor-element elementor-element-8bb3e5f elementor-section-boxed elementor-section-height-default elementor-section-height-default\" data-id=\"8bb3e5f\" data-element_type=\"section\" data-settings=\"{&quot;animation&quot;:&quot;none&quot;}\">\n\t\t\t\t\t\t<div class=\"elementor-container elementor-column-gap-default\">\n\t\t\t\t\t<div class=\"elementor-column elementor-col-100 elementor-top-column elementor-element elementor-element-2ff95426\" data-id=\"2ff95426\" data-element_type=\"column\">\n\t\t\t<div class=\"elementor-widget-wrap elementor-element-populated\">\n\t\t\t\t\t\t<section class=\"elementor-section elementor-inner-section elementor-element elementor-element-f7f2fc1 animated-slow elementor-section-boxed elementor-section-height-default elementor-section-height-default elementor-invisible\" data-id=\"f7f2fc1\" data-element_type=\"section\" data-settings=\"{&quot;animation&quot;:&quot;fadeInLeft&quot;}\">\n\t\t\t\t\t\t<div class=\"elementor-container elementor-column-gap-default\">\n\t\t\t\t\t<div class=\"elementor-column elementor-col-33 elementor-inner-column elementor-element elementor-element-739bf29f\" data-id=\"739bf29f\" data-element_type=\"column\">\n\t\t\t<div class=\"elementor-widget-wrap elementor-element-populated\">\n\t\t\t\t\t\t<div class=\"elementor-element elementor-element-6311ac2 elementor-widget elementor-widget-heading\" data-id=\"6311ac2\" data-element_type=\"widget\" data-settings=\"{&quot;_animation&quot;:&quot;none&quot;}\" data-widget_type=\"heading.default\">\n\t\t\t\t<div class=\"elementor-widget-container\">\n\t\t\t\t\t<h2 class=\"elementor-heading-title elementor-size-default\">Na\u0161a vizija<\/h2>\t\t\t\t<\/div>\n\t\t\t\t<\/div>\n\t\t\t\t<div class=\"elementor-element elementor-element-6345a162 elementor-widget__width-inherit elementor-widget elementor-widget-text-editor\" data-id=\"6345a162\" data-element_type=\"widget\" data-widget_type=\"text-editor.default\">\n\t\t\t\t<div class=\"elementor-widget-container\">\n\t\t\t\t\t\t\t\t\t<p>in cilj je predajati znanje boksa vsakomur, ki bo tej disciplini naklonil svoj \u010das in pozornost. Ustvariti podporno in motivirajo\u010de okolje, kjer vsak \u010dlan \u010duti pripadnost in lahko raste tako fizi\u010dno kot psihi\u010dno.<\/p>\t\t\t\t\t\t\t\t<\/div>\n\t\t\t\t<\/div>\n\t\t\t\t\t<\/div>\n\t\t<\/div>\n\t\t\t\t<div class=\"elementor-column elementor-col-33 elementor-inner-column elementor-element elementor-element-46d5932f\" data-id=\"46d5932f\" data-element_type=\"column\">\n\t\t\t<div class=\"elementor-widget-wrap elementor-element-populated\">\n\t\t\t\t\t\t<div class=\"elementor-element elementor-element-1928485 elementor-widget elementor-widget-heading\" data-id=\"1928485\" data-element_type=\"widget\" data-widget_type=\"heading.default\">\n\t\t\t\t<div class=\"elementor-widget-container\">\n\t\t\t\t\t<h2 class=\"elementor-heading-title elementor-size-default\">Na\u0161i Programi<\/h2>\t\t\t\t<\/div>\n\t\t\t\t<\/div>\n\t\t\t\t<div class=\"elementor-element elementor-element-3b9c7735 elementor-widget__width-inherit elementor-widget-mobile__width-initial elementor-widget elementor-widget-text-editor\" data-id=\"3b9c7735\" data-element_type=\"widget\" data-widget_type=\"text-editor.default\">\n\t\t\t\t<div class=\"elementor-widget-container\">\n\t\t\t\t\t\t\t\t\t<p>so primerni vsem starostnim skupinam, od otrok do odraslih, in vklju\u010dujejo vse od osnovnih do najkompleksnej\u0161ih boksarskih tehnik, programov mo\u010di, vzdr\u017eljivosti, agilnosti in mobilnosti.<\/p>\t\t\t\t\t\t\t\t<\/div>\n\t\t\t\t<\/div>\n\t\t\t\t\t<\/div>\n\t\t<\/div>\n\t\t\t\t<div class=\"elementor-column elementor-col-33 elementor-inner-column elementor-element elementor-element-96bfc23\" data-id=\"96bfc23\" data-element_type=\"column\">\n\t\t\t<div class=\"elementor-widget-wrap elementor-element-populated\">\n\t\t\t\t\t\t<div class=\"elementor-element elementor-element-44b43e8 elementor-widget elementor-widget-heading\" data-id=\"44b43e8\" data-element_type=\"widget\" data-widget_type=\"heading.default\">\n\t\t\t\t<div class=\"elementor-widget-container\">\n\t\t\t\t\t<h2 class=\"elementor-heading-title elementor-size-default\">Treningi Boksa<\/h2>\t\t\t\t<\/div>\n\t\t\t\t<\/div>\n\t\t\t\t<div class=\"elementor-element elementor-element-9a82504 elementor-widget__width-inherit elementor-widget-mobile__width-inherit elementor-widget elementor-widget-text-editor\" data-id=\"9a82504\" data-element_type=\"widget\" data-widget_type=\"text-editor.default\">\n\t\t\t\t<div class=\"elementor-widget-container\">\n\t\t\t\t\t\t\t\t\t<p>potekajo v manj\u0161ih skupinah ali individualno, tako lahko zagotavljamo osebni pristop, vi\u0161jo pozornost trenerja in s tem trening na najvi\u0161jem nivoju.<\/p>\t\t\t\t\t\t\t\t<\/div>\n\t\t\t\t<\/div>\n\t\t\t\t\t<\/div>\n\t\t<\/div>\n\t\t\t\t\t<\/div>\n\t\t<\/section>\n\t\t\t\t\t<\/div>\n\t\t<\/div>\n\t\t\t\t\t<\/div>\n\t\t<\/section>\n\t\t\t\t<section class=\"elementor-section elementor-top-section elementor-element elementor-element-acf68cb elementor-hidden-desktop elementor-hidden-tablet elementor-section-boxed elementor-section-height-default elementor-section-height-default\" data-id=\"acf68cb\" data-element_type=\"section\">\n\t\t\t\t\t\t<div class=\"elementor-container elementor-column-gap-no\">\n\t\t\t\t\t<div class=\"elementor-column elementor-col-100 elementor-top-column elementor-element elementor-element-c70f39c\" data-id=\"c70f39c\" data-element_type=\"column\">\n\t\t\t<div class=\"elementor-widget-wrap elementor-element-populated\">\n\t\t\t\t\t\t<div class=\"elementor-element elementor-element-2c6e51b elementor-hidden-desktop elementor-hidden-tablet elementor-widget elementor-widget-image\" data-id=\"2c6e51b\" data-element_type=\"widget\" data-widget_type=\"image.default\">\n\t\t\t\t<div class=\"elementor-widget-container\">\n\t\t\t\t\t\t\t\t\t\t\t\t\t\t\t\t<a href=\"https:\/\/www.instagram.com\/westsideljubljana\/\">\n\t\t\t\t\t\t\t<img decoding=\"async\" src=\"https:\/\/soba.si\/wsb\/wp-content\/uploads\/elementor\/thumbs\/pngegg1-qxoqbf3s57k0bdrp5jqjc4gpzhgyow2aj6i6xezyzk.png\" title=\"pngegg(1)\" alt=\"pngegg(1)\" loading=\"lazy\" \/>\t\t\t\t\t\t\t\t<\/a>\n\t\t\t\t\t\t\t\t\t\t\t\t\t\t\t<\/div>\n\t\t\t\t<\/div>\n\t\t\t\t\t<\/div>\n\t\t<\/div>\n\t\t\t\t\t<\/div>\n\t\t<\/section>\n\t\t\t\t<section class=\"elementor-section elementor-top-section elementor-element elementor-element-67022a4 elementor-section-boxed elementor-section-height-default elementor-section-height-default\" data-id=\"67022a4\" data-element_type=\"section\">\n\t\t\t\t\t\t<div class=\"elementor-container elementor-column-gap-no\">\n\t\t\t\t\t<div class=\"elementor-column elementor-col-33 elementor-top-column elementor-element elementor-element-a586ad9\" data-id=\"a586ad9\" data-element_type=\"column\">\n\t\t\t<div class=\"elementor-widget-wrap elementor-element-populated\">\n\t\t\t\t\t\t<div class=\"elementor-element elementor-element-bc2e029 elementor-widget elementor-widget-text-editor\" data-id=\"bc2e029\" data-element_type=\"widget\" data-widget_type=\"text-editor.default\">\n\t\t\t\t<div class=\"elementor-widget-container\">\n\t\t\t\t\t\t\t\t\t<h2>90<\/h2><p>OBJAV<\/p>\t\t\t\t\t\t\t\t<\/div>\n\t\t\t\t<\/div>\n\t\t\t\t\t<\/div>\n\t\t<\/div>\n\t\t\t\t<div class=\"elementor-column elementor-col-33 elementor-top-column elementor-element elementor-element-edcbc02\" data-id=\"edcbc02\" data-element_type=\"column\">\n\t\t\t<div class=\"elementor-widget-wrap elementor-element-populated\">\n\t\t\t\t\t\t<div class=\"elementor-element elementor-element-4216774 elementor-widget elementor-widget-text-editor\" data-id=\"4216774\" data-element_type=\"widget\" data-widget_type=\"text-editor.default\">\n\t\t\t\t<div class=\"elementor-widget-container\">\n\t\t\t\t\t\t\t\t\t<h2>68.9k<\/h2><p>SLEDILCEV<\/p>\t\t\t\t\t\t\t\t<\/div>\n\t\t\t\t<\/div>\n\t\t\t\t\t<\/div>\n\t\t<\/div>\n\t\t\t\t<div class=\"elementor-column elementor-col-33 elementor-top-column elementor-element elementor-element-d577d54\" data-id=\"d577d54\" data-element_type=\"column\">\n\t\t\t<div class=\"elementor-widget-wrap elementor-element-populated\">\n\t\t\t\t\t\t<div class=\"elementor-element elementor-element-cbc1426 elementor-widget elementor-widget-text-editor\" data-id=\"cbc1426\" data-element_type=\"widget\" data-widget_type=\"text-editor.default\">\n\t\t\t\t<div class=\"elementor-widget-container\">\n\t\t\t\t\t\t\t\t\t<h2>85<\/h2><p>SLEDIMO<\/p>\t\t\t\t\t\t\t\t<\/div>\n\t\t\t\t<\/div>\n\t\t\t\t\t<\/div>\n\t\t<\/div>\n\t\t\t\t\t<\/div>\n\t\t<\/section>\n\t\t\t\t<section class=\"elementor-section elementor-top-section elementor-element elementor-element-9cca5e9 elementor-section-boxed elementor-section-height-default elementor-section-height-default\" data-id=\"9cca5e9\" data-element_type=\"section\">\n\t\t\t\t\t\t<div class=\"elementor-container elementor-column-gap-no\">\n\t\t\t\t\t<div class=\"elementor-column elementor-col-100 elementor-top-column elementor-element elementor-element-86643dc\" data-id=\"86643dc\" data-element_type=\"column\">\n\t\t\t<div class=\"elementor-widget-wrap elementor-element-populated\">\n\t\t\t\t\t\t<div class=\"elementor-element elementor-element-5500c26 elementor-absolute elementor-hidden-mobile elementor-widget elementor-widget-image\" data-id=\"5500c26\" data-element_type=\"widget\" data-settings=\"{&quot;_position&quot;:&quot;absolute&quot;}\" data-widget_type=\"image.default\">\n\t\t\t\t<div class=\"elementor-widget-container\">\n\t\t\t\t\t\t\t\t\t\t\t\t\t\t\t\t<a href=\"https:\/\/www.instagram.com\/westsideljubljana\/\">\n\t\t\t\t\t\t\t<img decoding=\"async\" src=\"https:\/\/soba.si\/wsb\/wp-content\/uploads\/elementor\/thumbs\/pngegg1-qxoqbf3s8a2k4n525vebhg6luwd6ebae57fcrbbz6u.png\" title=\"pngegg(1)\" alt=\"pngegg(1)\" loading=\"lazy\" \/>\t\t\t\t\t\t\t\t<\/a>\n\t\t\t\t\t\t\t\t\t\t\t\t\t\t\t<\/div>\n\t\t\t\t<\/div>\n\t\t\t\t<div class=\"elementor-element elementor-element-285d07a elementor-widget-mobile__width-inherit .samo-za-beholdembedelement elementor-widget elementor-widget-html\" data-id=\"285d07a\" data-element_type=\"widget\" data-widget_type=\"html.default\">\n\t\t\t\t<div class=\"elementor-widget-container\">\n\t\t\t\t\t<div data-behold-id=\"FxdxTLadmeWQdjiWoDn2\"><\/div>\n<script>\n  (() => {\n    const d=document,s=d.createElement(\"script\");s.type=\"module\";\n    s.src=\"https:\/\/w.behold.so\/widget.js\";d.head.append(s);\n  })();\n<\/script>\t\t\t\t<\/div>\n\t\t\t\t<\/div>\n\t\t\t\t\t<\/div>\n\t\t<\/div>\n\t\t\t\t\t<\/div>\n\t\t<\/section>\n\t\t\t\t<section class=\"elementor-section elementor-top-section elementor-element elementor-element-20c14a9 elementor-section-boxed elementor-section-height-default elementor-section-height-default\" data-id=\"20c14a9\" data-element_type=\"section\" data-settings=\"{&quot;animation&quot;:&quot;none&quot;}\">\n\t\t\t\t\t\t<div class=\"elementor-container elementor-column-gap-default\">\n\t\t\t\t\t<div class=\"elementor-column elementor-col-100 elementor-top-column elementor-element elementor-element-d0293e2\" data-id=\"d0293e2\" data-element_type=\"column\">\n\t\t\t<div class=\"elementor-widget-wrap elementor-element-populated\">\n\t\t\t\t\t\t<section class=\"elementor-section elementor-inner-section elementor-element elementor-element-bd3ba3c animated-slow elementor-section-boxed elementor-section-height-default elementor-section-height-default elementor-invisible\" data-id=\"bd3ba3c\" data-element_type=\"section\" data-settings=\"{&quot;animation&quot;:&quot;fadeInLeft&quot;}\">\n\t\t\t\t\t\t<div class=\"elementor-container elementor-column-gap-default\">\n\t\t\t\t\t<div class=\"elementor-column elementor-col-33 elementor-inner-column elementor-element elementor-element-d5182a1\" data-id=\"d5182a1\" data-element_type=\"column\">\n\t\t\t<div class=\"elementor-widget-wrap elementor-element-populated\">\n\t\t\t\t\t\t<div class=\"elementor-element elementor-element-5e60c75 elementor-widget elementor-widget-image\" data-id=\"5e60c75\" data-element_type=\"widget\" data-widget_type=\"image.default\">\n\t\t\t\t<div class=\"elementor-widget-container\">\n\t\t\t\t\t\t\t\t\t\t\t\t\t\t\t\t<a href=\"https:\/\/www.google.com\/search?sca_esv=6438a53135bfba51&#038;q=wsg+ljubljana&#038;uds=ADvngMjQHaQ_Sd3njB_-fgu2qxO-8D6zLTa7lc4PCgXZh6wZbrOZNnH6T-SkWzsXVT0LnRXXTxCR5PoknUlTBcRDboL9s8jxAYSpbUh6W1TRH-z8k77VoJk&#038;si=ACC90nwjPmqJHrCEt6ewASzksVFQDX8zco_7MgBaIawvaF4-7vTb0T6gTmhzvkhtFfy7w6vaGbHzUG_Bx813L2f6p43s_VkNhtIBQDcpBiTaOCw5z-vjMlg%3D&#038;sa=X&#038;ved=2ahUKEwjh2rGrsoGJAxUh8bsIHVdeClcQ3PALegQIFxAE\" target=\"_blank\">\n\t\t\t\t\t\t\t<img fetchpriority=\"high\" decoding=\"async\" width=\"800\" height=\"800\" src=\"https:\/\/soba.si\/wsb\/wp-content\/uploads\/2024\/11\/Blue-and-White-Simple-Review-Facebook-Post_20241103_162648_0000-1024x1024.jpg\" class=\"attachment-large size-large wp-image-1759\" alt=\"\" srcset=\"https:\/\/soba.si\/wsb\/wp-content\/uploads\/2024\/11\/Blue-and-White-Simple-Review-Facebook-Post_20241103_162648_0000-1024x1024.jpg 1024w, https:\/\/soba.si\/wsb\/wp-content\/uploads\/2024\/11\/Blue-and-White-Simple-Review-Facebook-Post_20241103_162648_0000-300x300.jpg 300w, https:\/\/soba.si\/wsb\/wp-content\/uploads\/2024\/11\/Blue-and-White-Simple-Review-Facebook-Post_20241103_162648_0000-150x150.jpg 150w, https:\/\/soba.si\/wsb\/wp-content\/uploads\/2024\/11\/Blue-and-White-Simple-Review-Facebook-Post_20241103_162648_0000-768x768.jpg 768w, https:\/\/soba.si\/wsb\/wp-content\/uploads\/2024\/11\/Blue-and-White-Simple-Review-Facebook-Post_20241103_162648_0000.jpg 1080w\" sizes=\"(max-width: 800px) 100vw, 800px\" \/>\t\t\t\t\t\t\t\t<\/a>\n\t\t\t\t\t\t\t\t\t\t\t\t\t\t\t<\/div>\n\t\t\t\t<\/div>\n\t\t\t\t\t<\/div>\n\t\t<\/div>\n\t\t\t\t<div class=\"elementor-column elementor-col-33 elementor-inner-column elementor-element elementor-element-8b28da6\" data-id=\"8b28da6\" data-element_type=\"column\">\n\t\t\t<div class=\"elementor-widget-wrap elementor-element-populated\">\n\t\t\t\t\t\t<div class=\"elementor-element elementor-element-7ffa777 elementor-widget elementor-widget-image\" data-id=\"7ffa777\" data-element_type=\"widget\" data-widget_type=\"image.default\">\n\t\t\t\t<div class=\"elementor-widget-container\">\n\t\t\t\t\t\t\t\t\t\t\t\t\t\t\t\t<a href=\"https:\/\/www.google.com\/search?sca_esv=6438a53135bfba51&#038;q=wsg+ljubljana&#038;uds=ADvngMjQHaQ_Sd3njB_-fgu2qxO-8D6zLTa7lc4PCgXZh6wZbrOZNnH6T-SkWzsXVT0LnRXXTxCR5PoknUlTBcRDboL9s8jxAYSpbUh6W1TRH-z8k77VoJk&#038;si=ACC90nwjPmqJHrCEt6ewASzksVFQDX8zco_7MgBaIawvaF4-7vTb0T6gTmhzvkhtFfy7w6vaGbHzUG_Bx813L2f6p43s_VkNhtIBQDcpBiTaOCw5z-vjMlg%3D&#038;sa=X&#038;ved=2ahUKEwjh2rGrsoGJAxUh8bsIHVdeClcQ3PALegQIFxAE\" target=\"_blank\">\n\t\t\t\t\t\t\t<img decoding=\"async\" width=\"800\" height=\"800\" src=\"https:\/\/soba.si\/wsb\/wp-content\/uploads\/2024\/11\/Blue-and-White-Simple-Review-Facebook-Post_20241103_162648_0001-1024x1024.jpg\" class=\"attachment-large size-large wp-image-1760\" alt=\"\" srcset=\"https:\/\/soba.si\/wsb\/wp-content\/uploads\/2024\/11\/Blue-and-White-Simple-Review-Facebook-Post_20241103_162648_0001-1024x1024.jpg 1024w, https:\/\/soba.si\/wsb\/wp-content\/uploads\/2024\/11\/Blue-and-White-Simple-Review-Facebook-Post_20241103_162648_0001-300x300.jpg 300w, https:\/\/soba.si\/wsb\/wp-content\/uploads\/2024\/11\/Blue-and-White-Simple-Review-Facebook-Post_20241103_162648_0001-150x150.jpg 150w, https:\/\/soba.si\/wsb\/wp-content\/uploads\/2024\/11\/Blue-and-White-Simple-Review-Facebook-Post_20241103_162648_0001-768x768.jpg 768w, https:\/\/soba.si\/wsb\/wp-content\/uploads\/2024\/11\/Blue-and-White-Simple-Review-Facebook-Post_20241103_162648_0001.jpg 1080w\" sizes=\"(max-width: 800px) 100vw, 800px\" \/>\t\t\t\t\t\t\t\t<\/a>\n\t\t\t\t\t\t\t\t\t\t\t\t\t\t\t<\/div>\n\t\t\t\t<\/div>\n\t\t\t\t\t<\/div>\n\t\t<\/div>\n\t\t\t\t<div class=\"elementor-column elementor-col-33 elementor-inner-column elementor-element elementor-element-0195b25\" data-id=\"0195b25\" data-element_type=\"column\">\n\t\t\t<div class=\"elementor-widget-wrap elementor-element-populated\">\n\t\t\t\t\t\t<div class=\"elementor-element elementor-element-38dd7d4 elementor-widget elementor-widget-image\" data-id=\"38dd7d4\" data-element_type=\"widget\" data-widget_type=\"image.default\">\n\t\t\t\t<div class=\"elementor-widget-container\">\n\t\t\t\t\t\t\t\t\t\t\t\t\t\t\t\t<a href=\"https:\/\/www.google.com\/search?sca_esv=6438a53135bfba51&#038;q=wsg+ljubljana&#038;uds=ADvngMjQHaQ_Sd3njB_-fgu2qxO-8D6zLTa7lc4PCgXZh6wZbrOZNnH6T-SkWzsXVT0LnRXXTxCR5PoknUlTBcRDboL9s8jxAYSpbUh6W1TRH-z8k77VoJk&#038;si=ACC90nwjPmqJHrCEt6ewASzksVFQDX8zco_7MgBaIawvaF4-7vTb0T6gTmhzvkhtFfy7w6vaGbHzUG_Bx813L2f6p43s_VkNhtIBQDcpBiTaOCw5z-vjMlg%3D&#038;sa=X&#038;ved=2ahUKEwjh2rGrsoGJAxUh8bsIHVdeClcQ3PALegQIFxAE\" target=\"_blank\">\n\t\t\t\t\t\t\t<img decoding=\"async\" width=\"800\" height=\"800\" src=\"https:\/\/soba.si\/wsb\/wp-content\/uploads\/2024\/11\/Blue-and-White-Simple-Review-Facebook-Post_20241103_162648_0002-1024x1024.jpg\" class=\"attachment-large size-large wp-image-1761\" alt=\"\" srcset=\"https:\/\/soba.si\/wsb\/wp-content\/uploads\/2024\/11\/Blue-and-White-Simple-Review-Facebook-Post_20241103_162648_0002-1024x1024.jpg 1024w, https:\/\/soba.si\/wsb\/wp-content\/uploads\/2024\/11\/Blue-and-White-Simple-Review-Facebook-Post_20241103_162648_0002-300x300.jpg 300w, https:\/\/soba.si\/wsb\/wp-content\/uploads\/2024\/11\/Blue-and-White-Simple-Review-Facebook-Post_20241103_162648_0002-150x150.jpg 150w, https:\/\/soba.si\/wsb\/wp-content\/uploads\/2024\/11\/Blue-and-White-Simple-Review-Facebook-Post_20241103_162648_0002-768x768.jpg 768w, https:\/\/soba.si\/wsb\/wp-content\/uploads\/2024\/11\/Blue-and-White-Simple-Review-Facebook-Post_20241103_162648_0002.jpg 1080w\" sizes=\"(max-width: 800px) 100vw, 800px\" \/>\t\t\t\t\t\t\t\t<\/a>\n\t\t\t\t\t\t\t\t\t\t\t\t\t\t\t<\/div>\n\t\t\t\t<\/div>\n\t\t\t\t\t<\/div>\n\t\t<\/div>\n\t\t\t\t\t<\/div>\n\t\t<\/section>\n\t\t\t\t\t<\/div>\n\t\t<\/div>\n\t\t\t\t\t<\/div>\n\t\t<\/section>\n\t\t\t\t<section class=\"elementor-section elementor-top-section elementor-element elementor-element-f57238b elementor-section-boxed elementor-section-height-default elementor-section-height-default\" data-id=\"f57238b\" data-element_type=\"section\">\n\t\t\t\t\t\t<div class=\"elementor-container elementor-column-gap-default\">\n\t\t\t\t\t<div class=\"elementor-column elementor-col-100 elementor-top-column elementor-element elementor-element-adf9aa8\" data-id=\"adf9aa8\" data-element_type=\"column\">\n\t\t\t<div class=\"elementor-widget-wrap elementor-element-populated\">\n\t\t\t\t\t\t<div class=\"elementor-element elementor-element-12ef5d0 elementor-widget elementor-widget-html\" data-id=\"12ef5d0\" data-element_type=\"widget\" data-widget_type=\"html.default\">\n\t\t\t\t<div class=\"elementor-widget-container\">\n\t\t\t\t\t<script>\n    \/\/ Fetch the JSON file\n    fetch('https:\/\/soba.si\/insta_test.php')\n        .then(response => {\n            if (!response.ok) {\n                throw new Error('Network response was not ok ' + response.statusText);\n            }\n            return response.json();\n        })\n        .then(data => {\n            \/\/ Find the correct fields and update their values\n            const mapping = {\n                \"OBJAV\": data.data.posts,\n                \"SLEDILCEV\": data.data.followers,\n                \"SLEDIMO\": data.data.following\n            };\n\n            \/\/ Iterate over the mappings to find and update the fields\n            Object.keys(mapping).forEach(keyword => {\n                \/\/ Find the <p> element containing the keyword\n                const paragraph = Array.from(document.querySelectorAll('p'))\n                    .find(p => p.textContent.trim() === keyword);\n\n                if (paragraph) {\n                    \/\/ Find the <h2> sibling and update its value\n                    const h2Element = paragraph.previousElementSibling;\n                    if (h2Element && h2Element.tagName === 'H2') {\n                        h2Element.textContent = mapping[keyword];\n                    }\n                }\n            });\n        })\n        .catch(error => {\n            console.error('There was a problem fetching the JSON file:', error);\n        });\n<\/script>\n\t\t\t\t<\/div>\n\t\t\t\t<\/div>\n\t\t\t\t\t<\/div>\n\t\t<\/div>\n\t\t\t\t\t<\/div>\n\t\t<\/section>\n\t\t\t\t<\/div>\n\t\t","protected":false},"excerpt":{"rendered":"<p>Na\u0161a vizija in cilj je predajati znanje boksa vsakomur, ki bo tej disciplini naklonil svoj \u010das in pozornost. Ustvariti podporno in motivirajo\u010de okolje, kjer vsak \u010dlan \u010duti pripadnost in lahko raste tako fizi\u010dno kot psihi\u010dno. Na\u0161i Programi so primerni vsem starostnim skupinam, od otrok do odraslih, in vklju\u010dujejo vse od osnovnih do najkompleksnej\u0161ih boksarskih tehnik, [&hellip;]<\/p>\n","protected":false},"author":1,"featured_media":0,"parent":0,"menu_order":0,"comment_status":"closed","ping_status":"closed","template":"elementor_header_footer","meta":{"footnotes":""},"class_list":["post-67","page","type-page","status-publish","hentry"],"aioseo_notices":[],"_links":{"self":[{"href":"https:\/\/soba.si\/wsb\/wp-json\/wp\/v2\/pages\/67","targetHints":{"allow":["GET"]}}],"collection":[{"href":"https:\/\/soba.si\/wsb\/wp-json\/wp\/v2\/pages"}],"about":[{"href":"https:\/\/soba.si\/wsb\/wp-json\/wp\/v2\/types\/page"}],"author":[{"embeddable":true,"href":"https:\/\/soba.si\/wsb\/wp-json\/wp\/v2\/users\/1"}],"replies":[{"embeddable":true,"href":"https:\/\/soba.si\/wsb\/wp-json\/wp\/v2\/comments?post=67"}],"version-history":[{"count":452,"href":"https:\/\/soba.si\/wsb\/wp-json\/wp\/v2\/pages\/67\/revisions"}],"predecessor-version":[{"id":2190,"href":"https:\/\/soba.si\/wsb\/wp-json\/wp\/v2\/pages\/67\/revisions\/2190"}],"wp:attachment":[{"href":"https:\/\/soba.si\/wsb\/wp-json\/wp\/v2\/media?parent=67"}],"curies":[{"name":"wp","href":"https:\/\/api.w.org\/{rel}","templated":true}]}}