{"id":569,"date":"2024-08-20T18:35:58","date_gmt":"2024-08-20T18:35:58","guid":{"rendered":"https:\/\/soba.si\/wsb\/?page_id=569"},"modified":"2024-12-17T20:54:59","modified_gmt":"2024-12-17T20:54:59","slug":"vpis","status":"publish","type":"page","link":"https:\/\/soba.si\/wsb\/vpis\/","title":{"rendered":"WSG Vpis"},"content":{"rendered":"\t\t<div data-elementor-type=\"wp-page\" data-elementor-id=\"569\" class=\"elementor elementor-569\">\n\t\t\t\t\t\t<section class=\"elementor-section elementor-top-section elementor-element elementor-element-af56d5d elementor-section-boxed elementor-section-height-default elementor-section-height-default\" data-id=\"af56d5d\" data-element_type=\"section\">\n\t\t\t\t\t\t<div class=\"elementor-container elementor-column-gap-default\">\n\t\t\t\t\t<div class=\"elementor-column elementor-col-100 elementor-top-column elementor-element elementor-element-a7c90fa\" data-id=\"a7c90fa\" data-element_type=\"column\">\n\t\t\t<div class=\"elementor-widget-wrap elementor-element-populated\">\n\t\t\t\t\t\t<div class=\"elementor-element elementor-element-57432c4 elementor-widget elementor-widget-heading\" data-id=\"57432c4\" data-element_type=\"widget\" data-widget_type=\"heading.default\">\n\t\t\t\t<div class=\"elementor-widget-container\">\n\t\t\t\t\t<h1 class=\"elementor-heading-title elementor-size-default\">WSG KONTAKT<\/h1>\t\t\t\t<\/div>\n\t\t\t\t<\/div>\n\t\t\t\t<div class=\"elementor-element elementor-element-4ac8e53 elementor-widget-divider--view-line elementor-widget elementor-widget-divider\" data-id=\"4ac8e53\" data-element_type=\"widget\" data-widget_type=\"divider.default\">\n\t\t\t\t<div class=\"elementor-widget-container\">\n\t\t\t\t\t\t\t<div class=\"elementor-divider\">\n\t\t\t<span class=\"elementor-divider-separator\">\n\t\t\t\t\t\t<\/span>\n\t\t<\/div>\n\t\t\t\t\t\t<\/div>\n\t\t\t\t<\/div>\n\t\t\t\t<div class=\"elementor-element elementor-element-1b142ff elementor-widget elementor-widget-heading\" data-id=\"1b142ff\" data-element_type=\"widget\" data-widget_type=\"heading.default\">\n\t\t\t\t<div class=\"elementor-widget-container\">\n\t\t\t\t\t<span class=\"elementor-heading-title elementor-size-default\">Izberite za kateri program ali storitev se zanimate, mi pa vas kontaktiramo v najkraj\u0161em mo\u017enem \u010dasu!<\/span>\t\t\t\t<\/div>\n\t\t\t\t<\/div>\n\t\t\t\t\t<\/div>\n\t\t<\/div>\n\t\t\t\t\t<\/div>\n\t\t<\/section>\n\t\t\t\t<section class=\"elementor-section elementor-top-section elementor-element elementor-element-c03392e elementor-section-boxed elementor-section-height-default elementor-section-height-default\" data-id=\"c03392e\" data-element_type=\"section\">\n\t\t\t\t\t\t<div class=\"elementor-container elementor-column-gap-default\">\n\t\t\t\t\t<div class=\"elementor-column elementor-col-100 elementor-top-column elementor-element elementor-element-7475e6b\" data-id=\"7475e6b\" data-element_type=\"column\">\n\t\t\t<div class=\"elementor-widget-wrap elementor-element-populated\">\n\t\t\t\t\t\t<div class=\"elementor-element elementor-element-1aebcbb elementor-widget elementor-widget-html\" data-id=\"1aebcbb\" data-element_type=\"widget\" data-widget_type=\"html.default\">\n\t\t\t\t<div class=\"elementor-widget-container\">\n\t\t\t\t\t    <style>\n        \n        form {\n            \/*background-color: #fff;*\/\n            padding-top: 0px;\n            padding-left: 50px;\n            padding-right: 50px;\n            border-radius: 8px;\n            box-shadow: 0 0 15px rgba(0, 0, 0, 0.1);\n            \/*max-width: 400px;*\/\n            width: 100%;\n        }\n        label {\n            display: block;\n            margin-bottom: 5px;\n            font-weight: bold;\n        }\n        input[type=\"text\"],\n        input[type=\"email\"],\n        select,\n        textarea {\n            width: 100%;\n            padding: 10px;\n            margin-bottom: 15px;\n            border: 1px solid #ccc;\n            border-radius: 4px;\n        }\n        textarea {\n            resize: vertical;\n            height: 100px;\n        }\n        input[type=\"submit\"] {\n            background-color: #FFE171;\n            color: #fff;\n            padding: 10px 15px;\n            border: none;\n            border-radius: 4px;\n            cursor: pointer;\n            font-size: 16px;\n        }\n        input[type=\"submit\"]:hover {\n            \/*background-color: #218838;*\/\n        }\n    <\/style>\n\n\n    <form action=\"https:\/\/api.staticforms.xyz\/submit\" method=\"post\">\n        <!-- Name -->\n        <label for=\"name\">Ime in priimek<\/label>\n        <input type=\"text\" id=\"name\" name=\"name\" placeholder=\"Vpi\u0161ite ime in priimek\" required>\n\n        <!-- Email -->\n        <label for=\"email\">Va\u0161 email:<\/label>\n        <input type=\"email\" id=\"email\" name=\"email\" placeholder=\"Vpi\u0161ite va\u0161 email naslov\" required>\n\n        <!-- Program Dropdown -->\n        <label for=\"program\">Program:<\/label>\n        <select  id=\"program\" name=\"$IzbraniProgram\" required>\n            <option value=\"\" disabled selected>Izberite program \/ storitev<\/option>\n            <option value=\"sola_boksa\">\u0160ola Boksa (6-12 let)<\/option>\n            <option value=\"mladinski_program\">Mladinski Program (do 16 let)<\/option>\n            <option value=\"zacetni_program\">Za\u010detni Program (16+)<\/option>\n            <option value=\"nadaljevalni_program\">Nadaljevalni Program (16+)<\/option>\n                   <option value=\"individualni_treningi\">Individualni Treningi<\/option>\n                   <option value=\"fizio_masaze_savne\">Fizioterapije, Masa\u017ee, Savne<\/option>\n        <\/select>\n\n        <!-- Message -->\n        <label for=\"message\">Va\u0161e sporo\u010dilo:<\/label>\n        <textarea id=\"message\" name=\"message\" placeholder=\"Vpi\u0161ite sporo\u010dilo\"><\/textarea>\n\n        <input type=\"text\" name=\"honeypot\" style=\"display:none\">\n\n        <!-- Hidden Fields -->\n        <input type=\"hidden\" name=\"accessKey\" value=\"44355597-aa2b-4d9f-a9f1-5aef99d984ef\">\n        <input type=\"hidden\" name=\"subject\" value=\"Kontaktno Sporocilo Od WSG-LJ.COM\" \/>\n        <input type=\"hidden\" name=\"replyTo\" value=\"@\">\n        <input type=\"hidden\" name=\"redirectTo\" value=\"https:\/\/wsg-lj.com\/wsg-hvala-za-sporocilo\/\">\n\n        <!-- Submit Button -->\n        <input type=\"submit\" value=\"Po\u0161lji\">\n    <\/form>\t\t\t\t<\/div>\n\t\t\t\t<\/div>\n\t\t\t\t\t<\/div>\n\t\t<\/div>\n\t\t\t\t\t<\/div>\n\t\t<\/section>\n\t\t\t\t<\/div>\n\t\t","protected":false},"excerpt":{"rendered":"<p>WSG KONTAKT Izberite za kateri program ali storitev se zanimate, mi pa vas kontaktiramo v najkraj\u0161em mo\u017enem \u010dasu! Ime in priimek Va\u0161 email: Program: Izberite program \/ storitev\u0160ola Boksa (6-12 let)Mladinski Program (do 16 let)Za\u010detni Program (16+)Nadaljevalni Program (16+)Individualni TreningiFizioterapije, Masa\u017ee, Savne Va\u0161e sporo\u010dilo:<\/p>\n","protected":false},"author":1,"featured_media":0,"parent":0,"menu_order":0,"comment_status":"closed","ping_status":"closed","template":"elementor_header_footer","meta":{"footnotes":""},"class_list":["post-569","page","type-page","status-publish","hentry"],"aioseo_notices":[],"_links":{"self":[{"href":"https:\/\/soba.si\/wsb\/wp-json\/wp\/v2\/pages\/569","targetHints":{"allow":["GET"]}}],"collection":[{"href":"https:\/\/soba.si\/wsb\/wp-json\/wp\/v2\/pages"}],"about":[{"href":"https:\/\/soba.si\/wsb\/wp-json\/wp\/v2\/types\/page"}],"author":[{"embeddable":true,"href":"https:\/\/soba.si\/wsb\/wp-json\/wp\/v2\/users\/1"}],"replies":[{"embeddable":true,"href":"https:\/\/soba.si\/wsb\/wp-json\/wp\/v2\/comments?post=569"}],"version-history":[{"count":98,"href":"https:\/\/soba.si\/wsb\/wp-json\/wp\/v2\/pages\/569\/revisions"}],"predecessor-version":[{"id":2146,"href":"https:\/\/soba.si\/wsb\/wp-json\/wp\/v2\/pages\/569\/revisions\/2146"}],"wp:attachment":[{"href":"https:\/\/soba.si\/wsb\/wp-json\/wp\/v2\/media?parent=569"}],"curies":[{"name":"wp","href":"https:\/\/api.w.org\/{rel}","templated":true}]}}